{"id":238,"date":"2025-01-21T15:07:56","date_gmt":"2025-01-21T14:07:56","guid":{"rendered":"https:\/\/de-vin.fr\/?page_id=238"},"modified":"2026-03-22T19:22:47","modified_gmt":"2026-03-22T18:22:47","slug":"accueil","status":"publish","type":"page","link":"https:\/\/de-vin.fr\/","title":{"rendered":"Accueil"},"content":{"rendered":"\n<div class=\"wp-block-cover alignfull wp-duotone-unset-2\" style=\"padding-top:17%;padding-bottom:3rem\"><img loading=\"lazy\" decoding=\"async\" width=\"938\" height=\"750\" class=\"wp-block-cover__image-background wp-image-262\" alt=\"\" src=\"https:\/\/de-vin.fr\/wp-content\/uploads\/2025\/01\/alcohol-party-dinner-drink-1.jpg\" data-object-fit=\"cover\" srcset=\"https:\/\/de-vin.fr\/wp-content\/uploads\/2025\/01\/alcohol-party-dinner-drink-1.jpg 938w, https:\/\/de-vin.fr\/wp-content\/uploads\/2025\/01\/alcohol-party-dinner-drink-1-300x240.jpg 300w, https:\/\/de-vin.fr\/wp-content\/uploads\/2025\/01\/alcohol-party-dinner-drink-1-768x614.jpg 768w\" sizes=\"auto, (max-width: 938px) 100vw, 938px\" \/><span aria-hidden=\"true\" class=\"wp-block-cover__background has-contrast-background-color has-background-dim\"><\/span><div class=\"wp-block-cover__inner-container has-global-padding is-layout-constrained wp-container-core-cover-is-layout-29287ccd wp-block-cover-is-layout-constrained\">\n<div class=\"wp-block-group alignwide is-vertical is-content-justification-stretch is-layout-flex wp-container-core-group-is-layout-401b7a8a wp-block-group-is-layout-flex\" style=\"min-height:520px\">\n<div class=\"wp-block-group has-global-padding is-layout-constrained wp-container-core-group-is-layout-92ef7b19 wp-block-group-is-layout-constrained\">\n<h2 class=\"wp-block-heading has-text-align-left has-text-color\" style=\"color:#fffffd;margin-bottom:1.01rem;font-size:clamp(2.422rem, 2.422rem + ((1vw - 0.2rem) * 3.48), 4.51rem);font-style:normal;font-weight:500;line-height:1.2\">D\u00e9couvrez les joies de la d\u00e9gustation de vin \u00e0 la maison!<\/h2>\n\n\n\n<p class=\"has-text-align-left has-text-color\" style=\"color:#fffffd;margin-top:0;margin-bottom:0;padding-top:0;padding-right:0;padding-bottom:0;padding-left:0;font-size:clamp(0.935rem, 0.935rem + ((1vw - 0.2rem) * 0.792), 1.41rem);font-style:normal;font-weight:400;line-height:1.3\">Rejoignez-moi pour des d\u00e9gustations priv\u00e9es et apprenez l&rsquo;art de savourer chaque gorg\u00e9e dans le confort de votre maison !<\/p>\n\n\n\n<div class=\"wp-block-group is-vertical is-content-justification-stretch is-layout-flex wp-container-core-group-is-layout-53ad70e0 wp-block-group-is-layout-flex\" style=\"margin-top:1.61rem;padding-right:0px;padding-left:0px\">\n<div class=\"wp-block-group has-global-padding is-content-justification-left is-layout-constrained wp-container-core-group-is-layout-a938e025 wp-block-group-is-layout-constrained\" style=\"margin-top:0px\">\n<div class=\"wp-block-buttons is-horizontal is-content-justification-right is-layout-flex wp-container-core-buttons-is-layout-099266fd wp-block-buttons-is-layout-flex\" style=\"margin-top:0.51rem\">\n<div class=\"wp-block-button has-custom-width wp-block-button__width-100 is-style-fill\"><a class=\"wp-block-button__link has-text-color has-background has-custom-font-size wp-element-button\" href=\"https:\/\/de-vin.fr\/index.php\/services\/\" style=\"border-style:none;border-width:0px;border-radius:0rem;color:#fffffd;background-color:#e27013;padding-top:0.71rem;padding-right:0.31rem;padding-bottom:0.71rem;padding-left:0.31rem;font-size:clamp(0.875rem, 0.875rem + ((1vw - 0.2rem) * 0.225), 1.01rem);font-style:normal;font-weight:600;line-height:1.5;text-transform:capitalize\">D\u00e9couvrez les d\u00e9gustations priv\u00e9es<\/a><\/div>\n\n\n\n<div class=\"wp-block-button has-custom-width wp-block-button__width-100 is-style-fill\"><a class=\"wp-block-button__link has-text-color has-background has-custom-font-size wp-element-button\" href=\"https:\/\/de-vin.fr\/wp-content\/uploads\/2026\/03\/calendrier-degustation-1er-semetsre-2026.pdf\" style=\"border-style:none;border-width:0px;border-radius:0rem;color:#fffffd;background-color:#e27013;padding-top:0.71rem;padding-right:0.31rem;padding-bottom:0.71rem;padding-left:0.31rem;font-size:clamp(0.875rem, 0.875rem + ((1vw - 0.2rem) * 0.225), 1.01rem);font-style:normal;font-weight:600;line-height:1.5;text-transform:capitalize\" target=\"_blank\" rel=\"noreferrer noopener\">DATES DES PROCHAINES DEGUSTATIONS<\/a><\/div>\n<\/div>\n<\/div>\n<\/div>\n<\/div>\n<\/div>\n<\/div><\/div>\n\n\n\n<section class=\"wp-block-group alignfull has-global-padding is-layout-constrained wp-container-core-group-is-layout-05455e64 wp-block-group-is-layout-constrained\" style=\"margin-top:0px;padding-top:6rem;padding-right:1rem;padding-bottom:4.5rem;padding-left:1rem;font-size:clamp(0.875rem, 0.875rem + ((1vw - 0.2rem) * 0.425), 1.13rem);font-style:normal;font-weight:400;line-height:1.4\">\n<div class=\"wp-block-columns is-layout-flex wp-container-core-columns-is-layout-2e7296b4 wp-block-columns-is-layout-flex\" style=\"margin-bottom:0px\">\n<div class=\"wp-block-column is-vertically-aligned-center is-layout-flow wp-block-column-is-layout-flow\" style=\"padding-right:1rem;padding-left:1rem;flex-basis:35%\">\n<figure class=\"wp-block-image aligncenter size-full is-resized\"><img loading=\"lazy\" decoding=\"async\" width=\"1218\" height=\"1728\" src=\"https:\/\/de-vin.fr\/wp-content\/uploads\/2025\/01\/portillo-bts-32-1.jpg\" alt=\"\" class=\"wp-image-263\" style=\"width:350px\" srcset=\"https:\/\/de-vin.fr\/wp-content\/uploads\/2025\/01\/portillo-bts-32-1.jpg 1218w, https:\/\/de-vin.fr\/wp-content\/uploads\/2025\/01\/portillo-bts-32-1-211x300.jpg 211w, https:\/\/de-vin.fr\/wp-content\/uploads\/2025\/01\/portillo-bts-32-1-722x1024.jpg 722w, https:\/\/de-vin.fr\/wp-content\/uploads\/2025\/01\/portillo-bts-32-1-768x1090.jpg 768w, https:\/\/de-vin.fr\/wp-content\/uploads\/2025\/01\/portillo-bts-32-1-1083x1536.jpg 1083w\" sizes=\"auto, (max-width: 1218px) 100vw, 1218px\" \/><\/figure>\n<\/div>\n\n\n\n<div class=\"wp-block-column has-global-padding is-layout-constrained wp-container-core-column-is-layout-b4ec969c wp-block-column-is-layout-constrained\" style=\"padding-top:2.01rem\">\n<div class=\"wp-block-group has-global-padding is-layout-constrained wp-container-core-group-is-layout-dca71664 wp-block-group-is-layout-constrained\" style=\"min-height:100%\">\n<h3 class=\"wp-block-heading has-text-align-center has-text-color\" style=\"color:#010101;margin-top:0.5rem;margin-bottom:0rem;font-size:clamp(1.556rem, 1.556rem + ((1vw - 0.2rem) * 1.757), 2.61rem);font-style:normal;font-weight:500;letter-spacing:0px;line-height:1.3\">Ma passion pour le vin de terroir<\/h3>\n\n\n\n<p class=\"has-text-align-center has-text-color\" style=\"color:#010101;margin-top:0rem;font-size:clamp(0.875rem, 0.875rem + ((1vw - 0.2rem) * 0.225), 1.01rem);font-style:normal;font-weight:400;line-height:1.5\">Au fond, nous sommes des amateurs de vin qui croient en la magie de chaque bouteille. Notre voyage a commenc\u00e9 par une simple passion pour l&rsquo;exploration des riches saveurs des vins biologiques et des histoires qui se cachent derri\u00e8re eux. Nous voulons partager cette joie avec vous ! Notre objectif est de cr\u00e9er des exp\u00e9riences m\u00e9morables \u00e0 travers des d\u00e9gustations priv\u00e9es de vins, directement chez vous. Que vous soyez un d\u00e9butant ou un amateur chevronn\u00e9, nous vous offrons des conseils qui rendent la d\u00e9gustation de vin amusante et accessible. Rejoignez-nous pour c\u00e9l\u00e9brer la beaut\u00e9 des terroirs et l&rsquo;art de savourer chaque gorg\u00e9e. Embarquons ensemble dans cette savoureuse aventure !<\/p>\n\n\n\n<p class=\"has-text-align-center has-text-color\" style=\"color:#010101;margin-top:0rem;font-size:clamp(0.875rem, 0.875rem + ((1vw - 0.2rem) * 0.225), 1.01rem);font-style:normal;font-weight:400;line-height:1.5\"><\/p>\n\n\n\n<div class=\"wp-block-group is-vertical is-content-justification-stretch is-layout-flex wp-container-core-group-is-layout-53ad70e0 wp-block-group-is-layout-flex\" style=\"margin-top:1.61rem;padding-right:0px;padding-left:0px\">\n<div class=\"wp-block-group has-global-padding is-content-justification-center is-layout-constrained wp-container-core-group-is-layout-2f0bcb29 wp-block-group-is-layout-constrained\" style=\"margin-top:0px\">\n<div class=\"wp-block-buttons is-horizontal is-content-justification-right is-layout-flex wp-container-core-buttons-is-layout-099266fd wp-block-buttons-is-layout-flex\" style=\"margin-top:0.51rem\">\n<div class=\"wp-block-button has-custom-width wp-block-button__width-100 is-style-fill\"><a class=\"wp-block-button__link has-text-color has-background has-custom-font-size wp-element-button\" href=\"https:\/\/de-vin.fr\/index.php\/services\/\" style=\"border-style:none;border-width:0px;border-radius:0rem;color:#fffffd;background-color:#e27013;padding-top:0.71rem;padding-right:0.31rem;padding-bottom:0.71rem;padding-left:0.31rem;font-size:clamp(0.875rem, 0.875rem + ((1vw - 0.2rem) * 0.225), 1.01rem);font-style:normal;font-weight:600;line-height:1.5;text-transform:uppercase\">contact<\/a><\/div>\n<\/div>\n<\/div>\n<\/div>\n<\/div>\n<\/div>\n<\/div>\n<\/section>\n\n\n\n<div class=\"wp-block-group alignfull has-global-padding is-layout-constrained wp-container-core-group-is-layout-3c77c8a4 wp-block-group-is-layout-constrained\" style=\"padding-top:3.51rem;padding-right:1.01rem;padding-bottom:5.01rem;padding-left:1.01rem\">\n<div class=\"wp-block-group has-global-padding is-layout-constrained wp-block-group-is-layout-constrained\">\n<p class=\"has-text-align-center has-text-color has-background\" style=\"border-radius:24px;color:#010101;background-color:#942d2d;font-size:clamp(0.984rem, 0.984rem + ((1vw - 0.2rem) * 0.86), 1.5rem);\">\u00ab\u00a0Chez nous, les hommes devraient na\u00eetre plus heureux et plus joyeux qu\u2019ailleurs, car je crois que le bonheur vient aux hommes qui naissent l\u00e0 o\u00f9 l\u2019on trouve le bon vin\u00a0\u00bb<br>L\u00e9onard De Vinci<\/p>\n\n\n\n<p class=\"has-text-align-center has-text-color\" style=\"color:#010101;font-size:clamp(0.875rem, 0.875rem + ((1vw - 0.2rem) * 0.225), 1.01rem);\">.<\/p>\n<\/div>\n<\/div>\n","protected":false},"excerpt":{"rendered":"<p>Ma passion pour le vin de terroir Au fond, nous sommes des amateurs de vin qui croient en la magie de chaque bouteille. Notre voyage a commenc\u00e9 par une simple passion pour l&rsquo;exploration des riches saveurs des vins biologiques et des histoires qui se cachent derri\u00e8re eux. Nous voulons partager cette joie avec vous ! [&hellip;]<\/p>\n","protected":false},"author":1,"featured_media":0,"parent":0,"menu_order":0,"comment_status":"closed","ping_status":"closed","template":"","meta":{"footnotes":""},"class_list":["post-238","page","type-page","status-publish","hentry"],"yoast_head":"<!-- This site is optimized with the Yoast SEO plugin v24.1 - https:\/\/yoast.com\/wordpress\/plugins\/seo\/ -->\n<title>Accueil - Monsieur Devin<\/title>\n<meta name=\"description\" content=\"N\u00e9 de la passion et de la gourmandise du vin, Mr DeVin souhaite vous proposer une exp\u00e9rience singuli\u00e8re \u00e0 travers une s\u00e9lection unique et rigoureuse. S\u2019\u00e9loignant des standards habituels, Mr De-vin s\u2019est fait une sp\u00e9cialit\u00e9 dans les vins de terroirs, de vignerons conduisant leur culture en bio, biodynamie , dans le respect de la nature et des \u0153nophiles\u00a0! A travers des cuv\u00e9es tr\u00e8s personnelles, de caract\u00e8res, je souhaite vous faire d\u00e9couvrir un autre monde du vin, artisanal, de caract\u00e8re et authentique.\" \/>\n<meta name=\"robots\" content=\"index, follow, max-snippet:-1, max-image-preview:large, max-video-preview:-1\" \/>\n<link rel=\"canonical\" href=\"https:\/\/de-vin.fr\/\" \/>\n<meta property=\"og:locale\" content=\"fr_FR\" \/>\n<meta property=\"og:type\" content=\"article\" \/>\n<meta property=\"og:title\" content=\"Accueil - Monsieur Devin\" \/>\n<meta property=\"og:description\" content=\"N\u00e9 de la passion et de la gourmandise du vin, Mr DeVin souhaite vous proposer une exp\u00e9rience singuli\u00e8re \u00e0 travers une s\u00e9lection unique et rigoureuse. S\u2019\u00e9loignant des standards habituels, Mr De-vin s\u2019est fait une sp\u00e9cialit\u00e9 dans les vins de terroirs, de vignerons conduisant leur culture en bio, biodynamie , dans le respect de la nature et des \u0153nophiles\u00a0! A travers des cuv\u00e9es tr\u00e8s personnelles, de caract\u00e8res, je souhaite vous faire d\u00e9couvrir un autre monde du vin, artisanal, de caract\u00e8re et authentique.\" \/>\n<meta property=\"og:url\" content=\"https:\/\/de-vin.fr\/\" \/>\n<meta property=\"og:site_name\" content=\"Monsieur Devin\" \/>\n<meta property=\"article:modified_time\" content=\"2026-03-22T18:22:47+00:00\" \/>\n<meta property=\"og:image\" content=\"https:\/\/de-vin.fr\/wp-content\/uploads\/2025\/01\/alcohol-party-dinner-drink-1.jpg\" \/>\n\t<meta property=\"og:image:width\" content=\"938\" \/>\n\t<meta property=\"og:image:height\" content=\"750\" \/>\n\t<meta property=\"og:image:type\" content=\"image\/jpeg\" \/>\n<meta name=\"twitter:card\" content=\"summary_large_image\" \/>\n<meta name=\"twitter:label1\" content=\"Dur\u00e9e de lecture estim\u00e9e\" \/>\n\t<meta name=\"twitter:data1\" content=\"2 minutes\" \/>\n<script type=\"application\/ld+json\" class=\"yoast-schema-graph\">{\"@context\":\"https:\/\/schema.org\",\"@graph\":[{\"@type\":\"WebPage\",\"@id\":\"https:\/\/de-vin.fr\/\",\"url\":\"https:\/\/de-vin.fr\/\",\"name\":\"Accueil - Monsieur Devin\",\"isPartOf\":{\"@id\":\"https:\/\/de-vin.fr\/#website\"},\"primaryImageOfPage\":{\"@id\":\"https:\/\/de-vin.fr\/#primaryimage\"},\"image\":{\"@id\":\"https:\/\/de-vin.fr\/#primaryimage\"},\"thumbnailUrl\":\"https:\/\/de-vin.fr\/wp-content\/uploads\/2025\/01\/alcohol-party-dinner-drink-1.jpg\",\"datePublished\":\"2025-01-21T14:07:56+00:00\",\"dateModified\":\"2026-03-22T18:22:47+00:00\",\"description\":\"N\u00e9 de la passion et de la gourmandise du vin, Mr DeVin souhaite vous proposer une exp\u00e9rience singuli\u00e8re \u00e0 travers une s\u00e9lection unique et rigoureuse. S\u2019\u00e9loignant des standards habituels, Mr De-vin s\u2019est fait une sp\u00e9cialit\u00e9 dans les vins de terroirs, de vignerons conduisant leur culture en bio, biodynamie , dans le respect de la nature et des \u0153nophiles\u00a0! A travers des cuv\u00e9es tr\u00e8s personnelles, de caract\u00e8res, je souhaite vous faire d\u00e9couvrir un autre monde du vin, artisanal, de caract\u00e8re et authentique.\",\"breadcrumb\":{\"@id\":\"https:\/\/de-vin.fr\/#breadcrumb\"},\"inLanguage\":\"fr-FR\",\"potentialAction\":[{\"@type\":\"ReadAction\",\"target\":[\"https:\/\/de-vin.fr\/\"]}]},{\"@type\":\"ImageObject\",\"inLanguage\":\"fr-FR\",\"@id\":\"https:\/\/de-vin.fr\/#primaryimage\",\"url\":\"https:\/\/de-vin.fr\/wp-content\/uploads\/2025\/01\/alcohol-party-dinner-drink-1.jpg\",\"contentUrl\":\"https:\/\/de-vin.fr\/wp-content\/uploads\/2025\/01\/alcohol-party-dinner-drink-1.jpg\",\"width\":938,\"height\":750},{\"@type\":\"BreadcrumbList\",\"@id\":\"https:\/\/de-vin.fr\/#breadcrumb\",\"itemListElement\":[{\"@type\":\"ListItem\",\"position\":1,\"name\":\"Accueil\",\"item\":\"https:\/\/de-vin.fr\/\"},{\"@type\":\"ListItem\",\"position\":2,\"name\":\"Accueil\"}]},{\"@type\":\"WebSite\",\"@id\":\"https:\/\/de-vin.fr\/#website\",\"url\":\"https:\/\/de-vin.fr\/\",\"name\":\"Monsieur Devin\",\"description\":\"Vins de terroirs\",\"publisher\":{\"@id\":\"https:\/\/de-vin.fr\/#organization\"},\"potentialAction\":[{\"@type\":\"SearchAction\",\"target\":{\"@type\":\"EntryPoint\",\"urlTemplate\":\"https:\/\/de-vin.fr\/?s={search_term_string}\"},\"query-input\":{\"@type\":\"PropertyValueSpecification\",\"valueRequired\":true,\"valueName\":\"search_term_string\"}}],\"inLanguage\":\"fr-FR\"},{\"@type\":\"Organization\",\"@id\":\"https:\/\/de-vin.fr\/#organization\",\"name\":\"Monsieur Devin\",\"url\":\"https:\/\/de-vin.fr\/\",\"logo\":{\"@type\":\"ImageObject\",\"inLanguage\":\"fr-FR\",\"@id\":\"https:\/\/de-vin.fr\/#\/schema\/logo\/image\/\",\"url\":\"https:\/\/de-vin.fr\/wp-content\/uploads\/2025\/01\/cropped-cropped-cropped-LOGO-M.DEVIN_-e1736187675415-2.jpg\",\"contentUrl\":\"https:\/\/de-vin.fr\/wp-content\/uploads\/2025\/01\/cropped-cropped-cropped-LOGO-M.DEVIN_-e1736187675415-2.jpg\",\"width\":175,\"height\":167,\"caption\":\"Monsieur Devin\"},\"image\":{\"@id\":\"https:\/\/de-vin.fr\/#\/schema\/logo\/image\/\"}}]}<\/script>\n<!-- \/ Yoast SEO plugin. -->","yoast_head_json":{"title":"Accueil - Monsieur Devin","description":"N\u00e9 de la passion et de la gourmandise du vin, Mr DeVin souhaite vous proposer une exp\u00e9rience singuli\u00e8re \u00e0 travers une s\u00e9lection unique et rigoureuse. S\u2019\u00e9loignant des standards habituels, Mr De-vin s\u2019est fait une sp\u00e9cialit\u00e9 dans les vins de terroirs, de vignerons conduisant leur culture en bio, biodynamie , dans le respect de la nature et des \u0153nophiles\u00a0! A travers des cuv\u00e9es tr\u00e8s personnelles, de caract\u00e8res, je souhaite vous faire d\u00e9couvrir un autre monde du vin, artisanal, de caract\u00e8re et authentique.","robots":{"index":"index","follow":"follow","max-snippet":"max-snippet:-1","max-image-preview":"max-image-preview:large","max-video-preview":"max-video-preview:-1"},"canonical":"https:\/\/de-vin.fr\/","og_locale":"fr_FR","og_type":"article","og_title":"Accueil - Monsieur Devin","og_description":"N\u00e9 de la passion et de la gourmandise du vin, Mr DeVin souhaite vous proposer une exp\u00e9rience singuli\u00e8re \u00e0 travers une s\u00e9lection unique et rigoureuse. S\u2019\u00e9loignant des standards habituels, Mr De-vin s\u2019est fait une sp\u00e9cialit\u00e9 dans les vins de terroirs, de vignerons conduisant leur culture en bio, biodynamie , dans le respect de la nature et des \u0153nophiles\u00a0! A travers des cuv\u00e9es tr\u00e8s personnelles, de caract\u00e8res, je souhaite vous faire d\u00e9couvrir un autre monde du vin, artisanal, de caract\u00e8re et authentique.","og_url":"https:\/\/de-vin.fr\/","og_site_name":"Monsieur Devin","article_modified_time":"2026-03-22T18:22:47+00:00","og_image":[{"width":938,"height":750,"url":"https:\/\/de-vin.fr\/wp-content\/uploads\/2025\/01\/alcohol-party-dinner-drink-1.jpg","type":"image\/jpeg"}],"twitter_card":"summary_large_image","twitter_misc":{"Dur\u00e9e de lecture estim\u00e9e":"2 minutes"},"schema":{"@context":"https:\/\/schema.org","@graph":[{"@type":"WebPage","@id":"https:\/\/de-vin.fr\/","url":"https:\/\/de-vin.fr\/","name":"Accueil - Monsieur Devin","isPartOf":{"@id":"https:\/\/de-vin.fr\/#website"},"primaryImageOfPage":{"@id":"https:\/\/de-vin.fr\/#primaryimage"},"image":{"@id":"https:\/\/de-vin.fr\/#primaryimage"},"thumbnailUrl":"https:\/\/de-vin.fr\/wp-content\/uploads\/2025\/01\/alcohol-party-dinner-drink-1.jpg","datePublished":"2025-01-21T14:07:56+00:00","dateModified":"2026-03-22T18:22:47+00:00","description":"N\u00e9 de la passion et de la gourmandise du vin, Mr DeVin souhaite vous proposer une exp\u00e9rience singuli\u00e8re \u00e0 travers une s\u00e9lection unique et rigoureuse. S\u2019\u00e9loignant des standards habituels, Mr De-vin s\u2019est fait une sp\u00e9cialit\u00e9 dans les vins de terroirs, de vignerons conduisant leur culture en bio, biodynamie , dans le respect de la nature et des \u0153nophiles\u00a0! A travers des cuv\u00e9es tr\u00e8s personnelles, de caract\u00e8res, je souhaite vous faire d\u00e9couvrir un autre monde du vin, artisanal, de caract\u00e8re et authentique.","breadcrumb":{"@id":"https:\/\/de-vin.fr\/#breadcrumb"},"inLanguage":"fr-FR","potentialAction":[{"@type":"ReadAction","target":["https:\/\/de-vin.fr\/"]}]},{"@type":"ImageObject","inLanguage":"fr-FR","@id":"https:\/\/de-vin.fr\/#primaryimage","url":"https:\/\/de-vin.fr\/wp-content\/uploads\/2025\/01\/alcohol-party-dinner-drink-1.jpg","contentUrl":"https:\/\/de-vin.fr\/wp-content\/uploads\/2025\/01\/alcohol-party-dinner-drink-1.jpg","width":938,"height":750},{"@type":"BreadcrumbList","@id":"https:\/\/de-vin.fr\/#breadcrumb","itemListElement":[{"@type":"ListItem","position":1,"name":"Accueil","item":"https:\/\/de-vin.fr\/"},{"@type":"ListItem","position":2,"name":"Accueil"}]},{"@type":"WebSite","@id":"https:\/\/de-vin.fr\/#website","url":"https:\/\/de-vin.fr\/","name":"Monsieur Devin","description":"Vins de terroirs","publisher":{"@id":"https:\/\/de-vin.fr\/#organization"},"potentialAction":[{"@type":"SearchAction","target":{"@type":"EntryPoint","urlTemplate":"https:\/\/de-vin.fr\/?s={search_term_string}"},"query-input":{"@type":"PropertyValueSpecification","valueRequired":true,"valueName":"search_term_string"}}],"inLanguage":"fr-FR"},{"@type":"Organization","@id":"https:\/\/de-vin.fr\/#organization","name":"Monsieur Devin","url":"https:\/\/de-vin.fr\/","logo":{"@type":"ImageObject","inLanguage":"fr-FR","@id":"https:\/\/de-vin.fr\/#\/schema\/logo\/image\/","url":"https:\/\/de-vin.fr\/wp-content\/uploads\/2025\/01\/cropped-cropped-cropped-LOGO-M.DEVIN_-e1736187675415-2.jpg","contentUrl":"https:\/\/de-vin.fr\/wp-content\/uploads\/2025\/01\/cropped-cropped-cropped-LOGO-M.DEVIN_-e1736187675415-2.jpg","width":175,"height":167,"caption":"Monsieur Devin"},"image":{"@id":"https:\/\/de-vin.fr\/#\/schema\/logo\/image\/"}}]}},"_links":{"self":[{"href":"https:\/\/de-vin.fr\/index.php\/wp-json\/wp\/v2\/pages\/238","targetHints":{"allow":["GET"]}}],"collection":[{"href":"https:\/\/de-vin.fr\/index.php\/wp-json\/wp\/v2\/pages"}],"about":[{"href":"https:\/\/de-vin.fr\/index.php\/wp-json\/wp\/v2\/types\/page"}],"author":[{"embeddable":true,"href":"https:\/\/de-vin.fr\/index.php\/wp-json\/wp\/v2\/users\/1"}],"replies":[{"embeddable":true,"href":"https:\/\/de-vin.fr\/index.php\/wp-json\/wp\/v2\/comments?post=238"}],"version-history":[{"count":19,"href":"https:\/\/de-vin.fr\/index.php\/wp-json\/wp\/v2\/pages\/238\/revisions"}],"predecessor-version":[{"id":390,"href":"https:\/\/de-vin.fr\/index.php\/wp-json\/wp\/v2\/pages\/238\/revisions\/390"}],"wp:attachment":[{"href":"https:\/\/de-vin.fr\/index.php\/wp-json\/wp\/v2\/media?parent=238"}],"curies":[{"name":"wp","href":"https:\/\/api.w.org\/{rel}","templated":true}]}}