{"id":243,"date":"2025-01-21T15:10:46","date_gmt":"2025-01-21T14:10:46","guid":{"rendered":"https:\/\/de-vin.fr\/?page_id=243"},"modified":"2025-01-21T18:32:30","modified_gmt":"2025-01-21T17:32:30","slug":"a-propos","status":"publish","type":"page","link":"https:\/\/de-vin.fr\/index.php\/a-propos\/","title":{"rendered":"A propos"},"content":{"rendered":"\n<div class=\"wp-block-cover alignfull\" style=\"margin-top:0;margin-bottom:0;padding-top:0px;padding-bottom:80px;min-height:300px;aspect-ratio:unset;\"><span aria-hidden=\"true\" class=\"wp-block-cover__background has-contrast-background-color has-background-dim-30 has-background-dim\"><\/span><img loading=\"lazy\" decoding=\"async\" width=\"660\" height=\"281\" class=\"wp-block-cover__image-background wp-image-299\" alt=\"\" src=\"https:\/\/de-vin.fr\/wp-content\/uploads\/2025\/01\/FOND-FACEBOOK.jpg\" data-object-fit=\"cover\" srcset=\"https:\/\/de-vin.fr\/wp-content\/uploads\/2025\/01\/FOND-FACEBOOK.jpg 660w, https:\/\/de-vin.fr\/wp-content\/uploads\/2025\/01\/FOND-FACEBOOK-300x128.jpg 300w\" sizes=\"auto, (max-width: 660px) 100vw, 660px\" \/><div class=\"wp-block-cover__inner-container has-global-padding is-layout-constrained wp-container-core-cover-is-layout-d4c6b484 wp-block-cover-is-layout-constrained\">\n<div style=\"height:150px\" aria-hidden=\"true\" class=\"wp-block-spacer\"><\/div>\n\n\n\n<h1 class=\"wp-block-heading has-text-align-center has-text-color has-link-color has-suranna-font-family wp-elements-28f0417726101969aa2cbdfcdc4da4d1\" style=\"color:#ffffff;font-size:clamp(38.682px, 2.418rem + ((1vw - 3.2px) * 3.471), 72px);font-style:normal;font-weight:500\">Monsieur Devin : une passion du vin<\/h1>\n<\/div><\/div>\n\n\n\n<section class=\"wp-block-group alignfull has-global-padding is-layout-constrained wp-container-core-group-is-layout-608bbd49 wp-block-group-is-layout-constrained\" style=\"margin-top:0px;padding-top:6rem;padding-right:1rem;padding-bottom:5rem;padding-left:1rem;font-size:clamp(0.875rem, 0.875rem + ((1vw - 0.2rem) * 0.425), 1.13rem);font-style:normal;font-weight:400;line-height:1.4\">\n<div class=\"wp-block-columns is-layout-flex wp-container-core-columns-is-layout-03ad6a19 wp-block-columns-is-layout-flex\" style=\"margin-bottom:0px\">\n<div class=\"wp-block-column is-vertically-aligned-center is-layout-flow wp-block-column-is-layout-flow\" style=\"flex-basis:50%\">\n<figure class=\"wp-block-image alignleft size-full\"><img loading=\"lazy\" decoding=\"async\" width=\"1677\" height=\"1119\" src=\"https:\/\/de-vin.fr\/wp-content\/uploads\/2025\/01\/123rf-Umberto-Leporini.jpg\" alt=\"\" class=\"wp-image-272\" style=\"aspect-ratio:1;object-fit:cover\" srcset=\"https:\/\/de-vin.fr\/wp-content\/uploads\/2025\/01\/123rf-Umberto-Leporini.jpg 1677w, https:\/\/de-vin.fr\/wp-content\/uploads\/2025\/01\/123rf-Umberto-Leporini-300x200.jpg 300w, https:\/\/de-vin.fr\/wp-content\/uploads\/2025\/01\/123rf-Umberto-Leporini-1024x683.jpg 1024w, https:\/\/de-vin.fr\/wp-content\/uploads\/2025\/01\/123rf-Umberto-Leporini-768x512.jpg 768w, https:\/\/de-vin.fr\/wp-content\/uploads\/2025\/01\/123rf-Umberto-Leporini-1536x1025.jpg 1536w\" sizes=\"auto, (max-width: 1677px) 100vw, 1677px\" \/><\/figure>\n<\/div>\n\n\n\n<div class=\"wp-block-column is-vertically-aligned-center has-global-padding is-layout-constrained wp-container-core-column-is-layout-c4a7d96a wp-block-column-is-layout-constrained\" style=\"flex-basis:50%\">\n<h3 class=\"wp-block-heading has-text-align-center has-text-color has-suranna-font-family\" style=\"color:#000000;margin-top:0.5rem;margin-bottom:0rem;font-size:clamp(24.034px, 1.502rem + ((1vw - 3.2px) * 1.663), 40px);font-style:normal;font-weight:500;letter-spacing:0px;line-height:1.3\">Apprendre ensemble autour du vin!<\/h3>\n\n\n\n<p class=\"has-text-align-left has-text-color has-pontano-sans-font-family\" style=\"color:#000000;margin-top:20px;margin-bottom:20px;font-size:clamp(14px, 0.875rem + ((1vw - 3.2px) * 0.417), 18px);font-style:normal;font-weight:400;line-height:1.5\">Mr DeVin est convaincu que le vin est plus qu&rsquo;une simple boisson, c&rsquo;est une c\u00e9l\u00e9bration de la nature et de la culture. N\u00e9 de la passion et de la gourmandise du vin, Mr DeVin souhaite vous proposer une exp\u00e9rience singuli\u00e8re \u00e0 travers une s\u00e9lection unique et rigoureuse. S\u2019\u00e9loignant des standards habituels, Mr Devin s\u2019est fait une sp\u00e9cialit\u00e9 dans les vins de terroirs, de vignerons conduisant leur culture en bio, biodynamie , dans le respect de la nature et des \u0153nophiles ! A travers des cuv\u00e9es tr\u00e8s personnelles, de caract\u00e8res, je souhaite vous faire d\u00e9couvrir un autre monde du vin, artisanal, de caract\u00e8re et authentique.<\/p>\n\n\n\n<div class=\"wp-block-buttons is-horizontal is-content-justification-left is-layout-flex wp-container-core-buttons-is-layout-2c34cf1c wp-block-buttons-is-layout-flex\" style=\"margin-top:0.51rem\">\n<div class=\"wp-block-button has-custom-width wp-block-button__width-50 has-custom-font-size is-style-fill has-pontano-sans-font-family\" style=\"font-size:clamp(0.875rem, 0.875rem + ((1vw - 0.2rem) * 0.225), 1.01rem);font-style:normal;font-weight:600;letter-spacing:1px;line-height:1.5;text-transform:uppercase\"><a class=\"wp-block-button__link has-text-color has-background wp-element-button\" href=\"https:\/\/de-vin.fr\/index.php\/contact\/\" style=\"border-style:none;border-width:0px;border-radius:0rem;color:#fffffd;background-color:#e27013;padding-top:0.71rem;padding-right:0.31rem;padding-bottom:0.71rem;padding-left:0.31rem\">contactez M DEVIN<\/a><\/div>\n<\/div>\n<\/div>\n<\/div>\n<\/section>\n\n\n\n<div class=\"wp-block-cover alignfull is-light\" style=\"padding-top:6rem;padding-bottom:6rem\"><span aria-hidden=\"true\" class=\"wp-block-cover__background has-background-dim-10 has-background-dim\" style=\"background-color:#e27013\"><\/span><div class=\"wp-block-cover__inner-container has-global-padding is-layout-constrained wp-container-core-cover-is-layout-5cbdda46 wp-block-cover-is-layout-constrained\">\n<h2 class=\"wp-block-heading has-text-align-center has-text-color has-link-color has-suranna-font-family wp-elements-b93cdd57090fee64510ba4b3040a92fd\" style=\"color:#000000;font-size:clamp(24.034px, 1.502rem + ((1vw - 3.2px) * 1.663), 40px);font-style:normal;font-weight:500;letter-spacing:1px\">Les d\u00e9gustations<\/h2>\n\n\n\n<p class=\"has-text-align-center has-text-color has-link-color wp-elements-e8ee2a3d242338c6cbf06c305f45b748\" style=\"color:#000000;font-size:clamp(14px, 0.875rem + ((1vw - 3.2px) * 0.417), 18px);\">Je vous invite \u00e0 venir d\u00e9guster 5 \u00e0 6 cuv\u00e9es lors de soir\u00e9es organis\u00e9es chez vous ou chez Mr Devin. Loin des standards stricts et parfois un peu \u00ab snobs \u00bb de certaines d\u00e9gustations, je vous invite \u00e0 venir apprendre \u00e0 comprendre le monde du vin avec des mots simples, \u00e0 la port\u00e9e de tous, du novice curieux \u00e0 l\u2019amateur averti. Venez ainsi comprendre simplement ce qu\u2019est un petit vin, un grand vin , un vin de terroir , afin de vous permettre , au-del\u00e0 de vos gouts personnels, d\u2019identifier les vins que vous consommez. L\u2019organisation de ces moments conviviaux est aussi l\u2019occasion de partager, de f\u00e9d\u00e9rer, de se r\u00e9unir autour d\u2019un plaisir commun : le Vin . C\u2019est aussi l\u2019occasion de d\u00e9couvrir des terroirs originaux, des Artisans Vignerons \u00e9patants qui nous offrent de petits tr\u00e9sors de plaisirs.<br>Alors n\u2019h\u00e9sitez pas , venez , invitez, participez !<\/p>\n\n\n\n<p class=\"has-text-align-center has-text-color has-link-color wp-elements-f01f05c2f2ecb1f40e399ed1ccf267e7\" style=\"color:#000000;font-size:clamp(14px, 0.875rem + ((1vw - 3.2px) * 0.417), 18px);\"><\/p>\n\n\n\n<div class=\"wp-block-buttons is-horizontal is-content-justification-center is-layout-flex wp-container-core-buttons-is-layout-bb07f847 wp-block-buttons-is-layout-flex\" style=\"margin-top:30px\">\n<div class=\"wp-block-button has-custom-width wp-block-button__width-25 has-custom-font-size is-style-fill has-pontano-sans-font-family\" style=\"font-size:clamp(0.875rem, 0.875rem + ((1vw - 0.2rem) * 0.225), 1.01rem);font-style:normal;font-weight:600;letter-spacing:1px;line-height:1.5;text-transform:uppercase\"><a class=\"wp-block-button__link has-text-color has-background wp-element-button\" href=\"https:\/\/de-vin.fr\/index.php\/contact\/\" style=\"border-style:none;border-width:0px;border-radius:0rem;color:#fffffd;background-color:#e27013;padding-top:0.71rem;padding-right:0.31rem;padding-bottom:0.71rem;padding-left:0.31rem\">Contactez moi<\/a><\/div>\n<\/div>\n<\/div><\/div>\n\n\n\n<section class=\"wp-block-cover alignfull\" style=\"margin-top:0px;padding-top:1.01rem;padding-bottom:1.01rem;min-height:430px;aspect-ratio:unset;\"><span aria-hidden=\"true\" class=\"wp-block-cover__background has-contrast-background-color has-background-dim\"><\/span><img loading=\"lazy\" decoding=\"async\" width=\"1920\" height=\"1280\" class=\"wp-block-cover__image-background wp-image-301\" alt=\"\" src=\"https:\/\/de-vin.fr\/wp-content\/uploads\/2025\/01\/bottles-1483718_1920-1-1.jpg\" data-object-fit=\"cover\" srcset=\"https:\/\/de-vin.fr\/wp-content\/uploads\/2025\/01\/bottles-1483718_1920-1-1.jpg 1920w, https:\/\/de-vin.fr\/wp-content\/uploads\/2025\/01\/bottles-1483718_1920-1-1-300x200.jpg 300w, https:\/\/de-vin.fr\/wp-content\/uploads\/2025\/01\/bottles-1483718_1920-1-1-1024x683.jpg 1024w, https:\/\/de-vin.fr\/wp-content\/uploads\/2025\/01\/bottles-1483718_1920-1-1-768x512.jpg 768w, https:\/\/de-vin.fr\/wp-content\/uploads\/2025\/01\/bottles-1483718_1920-1-1-1536x1024.jpg 1536w\" sizes=\"auto, (max-width: 1920px) 100vw, 1920px\" \/><div class=\"wp-block-cover__inner-container has-global-padding is-layout-constrained wp-container-core-cover-is-layout-b1bebcb3 wp-block-cover-is-layout-constrained\">\n<div class=\"wp-block-group has-text-color is-layout-flow wp-block-group-is-layout-flow\" style=\"color:#fffffd;margin-top:0px;padding-top:0rem;padding-right:1rem;padding-bottom:0rem;padding-left:1rem;font-size:clamp(0.875rem, 0.875rem + ((1vw - 0.2rem) * 0.425), 1.13rem);font-style:normal;font-weight:400;line-height:1.4\">\n<div class=\"wp-block-group has-global-padding is-layout-constrained wp-container-core-group-is-layout-bdbfdc43 wp-block-group-is-layout-constrained\">\n<p class=\"has-text-align-center has-text-color\" style=\"color:#fffffd;margin-bottom:0rem;font-size:clamp(1.507rem, 1.507rem + ((1vw - 0.2rem) * 1.672), 2.51rem);font-style:normal;font-weight:400;line-height:1.2\">une surprise pour plus tard<\/p>\n<\/div>\n\n\n\n<div class=\"wp-block-group is-vertical is-content-justification-stretch is-layout-flex wp-container-core-group-is-layout-bfdebe91 wp-block-group-is-layout-flex\" style=\"margin-top:1.81rem;padding-right:0px;padding-left:0px\">\n<div class=\"wp-block-group has-global-padding is-content-justification-center is-layout-constrained wp-container-core-group-is-layout-2f0bcb29 wp-block-group-is-layout-constrained\" style=\"margin-top:0px\">\n<div class=\"wp-block-buttons is-horizontal is-content-justification-right is-layout-flex wp-container-core-buttons-is-layout-099266fd wp-block-buttons-is-layout-flex\" style=\"margin-top:0.51rem\">\n<div class=\"wp-block-button has-custom-width wp-block-button__width-100 has-custom-font-size is-style-fill\" style=\"font-size:clamp(0.875rem, 0.875rem + ((1vw - 0.2rem) * 0.225), 1.01rem);font-style:normal;font-weight:600;line-height:1.5;text-transform:uppercase\"><a class=\"wp-block-button__link has-text-color has-background wp-element-button\" href=\"#\" style=\"border-style:none;border-width:0px;border-radius:0rem;color:#fffffd;background-color:#e27013;padding-top:0.71rem;padding-right:0.31rem;padding-bottom:0.71rem;padding-left:0.31rem\">d\u00e9gustation chez&#8230;<\/a><\/div>\n<\/div>\n<\/div>\n<\/div>\n<\/div>\n<\/div><\/section>\n","protected":false},"excerpt":{"rendered":"<p>Apprendre ensemble autour du vin! Mr DeVin est convaincu que le vin est plus qu&rsquo;une simple boisson, c&rsquo;est une c\u00e9l\u00e9bration de la nature et de la culture. N\u00e9 de la passion et de la gourmandise du vin, Mr DeVin souhaite vous proposer une exp\u00e9rience singuli\u00e8re \u00e0 travers une s\u00e9lection unique et rigoureuse. S\u2019\u00e9loignant des standards [&hellip;]<\/p>\n","protected":false},"author":1,"featured_media":0,"parent":0,"menu_order":0,"comment_status":"closed","ping_status":"closed","template":"","meta":{"footnotes":""},"class_list":["post-243","page","type-page","status-publish","hentry"],"yoast_head":"<!-- This site is optimized with the Yoast SEO plugin v24.1 - https:\/\/yoast.com\/wordpress\/plugins\/seo\/ -->\n<title>A propos - Monsieur Devin<\/title>\n<meta name=\"robots\" content=\"index, follow, max-snippet:-1, max-image-preview:large, max-video-preview:-1\" \/>\n<link rel=\"canonical\" href=\"https:\/\/de-vin.fr\/index.php\/a-propos\/\" \/>\n<meta property=\"og:locale\" content=\"fr_FR\" \/>\n<meta property=\"og:type\" content=\"article\" \/>\n<meta property=\"og:title\" content=\"A propos - Monsieur Devin\" \/>\n<meta property=\"og:description\" content=\"Apprendre ensemble autour du vin! Mr DeVin est convaincu que le vin est plus qu&rsquo;une simple boisson, c&rsquo;est une c\u00e9l\u00e9bration de la nature et de la culture. N\u00e9 de la passion et de la gourmandise du vin, Mr DeVin souhaite vous proposer une exp\u00e9rience singuli\u00e8re \u00e0 travers une s\u00e9lection unique et rigoureuse. S\u2019\u00e9loignant des standards [&hellip;]\" \/>\n<meta property=\"og:url\" content=\"https:\/\/de-vin.fr\/index.php\/a-propos\/\" \/>\n<meta property=\"og:site_name\" content=\"Monsieur Devin\" \/>\n<meta property=\"article:modified_time\" content=\"2025-01-21T17:32:30+00:00\" \/>\n<meta property=\"og:image\" content=\"https:\/\/de-vin.fr\/wp-content\/uploads\/2025\/01\/FOND-FACEBOOK.jpg\" \/>\n\t<meta property=\"og:image:width\" content=\"660\" \/>\n\t<meta property=\"og:image:height\" content=\"281\" \/>\n\t<meta property=\"og:image:type\" content=\"image\/jpeg\" \/>\n<meta name=\"twitter:card\" content=\"summary_large_image\" \/>\n<meta name=\"twitter:label1\" content=\"Dur\u00e9e de lecture estim\u00e9e\" \/>\n\t<meta name=\"twitter:data1\" content=\"2 minutes\" \/>\n<script type=\"application\/ld+json\" class=\"yoast-schema-graph\">{\"@context\":\"https:\/\/schema.org\",\"@graph\":[{\"@type\":\"WebPage\",\"@id\":\"https:\/\/de-vin.fr\/index.php\/a-propos\/\",\"url\":\"https:\/\/de-vin.fr\/index.php\/a-propos\/\",\"name\":\"A propos - Monsieur Devin\",\"isPartOf\":{\"@id\":\"https:\/\/de-vin.fr\/#website\"},\"primaryImageOfPage\":{\"@id\":\"https:\/\/de-vin.fr\/index.php\/a-propos\/#primaryimage\"},\"image\":{\"@id\":\"https:\/\/de-vin.fr\/index.php\/a-propos\/#primaryimage\"},\"thumbnailUrl\":\"https:\/\/de-vin.fr\/wp-content\/uploads\/2025\/01\/FOND-FACEBOOK.jpg\",\"datePublished\":\"2025-01-21T14:10:46+00:00\",\"dateModified\":\"2025-01-21T17:32:30+00:00\",\"breadcrumb\":{\"@id\":\"https:\/\/de-vin.fr\/index.php\/a-propos\/#breadcrumb\"},\"inLanguage\":\"fr-FR\",\"potentialAction\":[{\"@type\":\"ReadAction\",\"target\":[\"https:\/\/de-vin.fr\/index.php\/a-propos\/\"]}]},{\"@type\":\"ImageObject\",\"inLanguage\":\"fr-FR\",\"@id\":\"https:\/\/de-vin.fr\/index.php\/a-propos\/#primaryimage\",\"url\":\"https:\/\/de-vin.fr\/wp-content\/uploads\/2025\/01\/FOND-FACEBOOK.jpg\",\"contentUrl\":\"https:\/\/de-vin.fr\/wp-content\/uploads\/2025\/01\/FOND-FACEBOOK.jpg\",\"width\":660,\"height\":281},{\"@type\":\"BreadcrumbList\",\"@id\":\"https:\/\/de-vin.fr\/index.php\/a-propos\/#breadcrumb\",\"itemListElement\":[{\"@type\":\"ListItem\",\"position\":1,\"name\":\"Accueil\",\"item\":\"https:\/\/de-vin.fr\/\"},{\"@type\":\"ListItem\",\"position\":2,\"name\":\"A propos\"}]},{\"@type\":\"WebSite\",\"@id\":\"https:\/\/de-vin.fr\/#website\",\"url\":\"https:\/\/de-vin.fr\/\",\"name\":\"Monsieur Devin\",\"description\":\"Vins de terroirs\",\"publisher\":{\"@id\":\"https:\/\/de-vin.fr\/#organization\"},\"potentialAction\":[{\"@type\":\"SearchAction\",\"target\":{\"@type\":\"EntryPoint\",\"urlTemplate\":\"https:\/\/de-vin.fr\/?s={search_term_string}\"},\"query-input\":{\"@type\":\"PropertyValueSpecification\",\"valueRequired\":true,\"valueName\":\"search_term_string\"}}],\"inLanguage\":\"fr-FR\"},{\"@type\":\"Organization\",\"@id\":\"https:\/\/de-vin.fr\/#organization\",\"name\":\"Monsieur Devin\",\"url\":\"https:\/\/de-vin.fr\/\",\"logo\":{\"@type\":\"ImageObject\",\"inLanguage\":\"fr-FR\",\"@id\":\"https:\/\/de-vin.fr\/#\/schema\/logo\/image\/\",\"url\":\"https:\/\/de-vin.fr\/wp-content\/uploads\/2025\/01\/cropped-cropped-cropped-LOGO-M.DEVIN_-e1736187675415-2.jpg\",\"contentUrl\":\"https:\/\/de-vin.fr\/wp-content\/uploads\/2025\/01\/cropped-cropped-cropped-LOGO-M.DEVIN_-e1736187675415-2.jpg\",\"width\":175,\"height\":167,\"caption\":\"Monsieur Devin\"},\"image\":{\"@id\":\"https:\/\/de-vin.fr\/#\/schema\/logo\/image\/\"}}]}<\/script>\n<!-- \/ Yoast SEO plugin. -->","yoast_head_json":{"title":"A propos - Monsieur Devin","robots":{"index":"index","follow":"follow","max-snippet":"max-snippet:-1","max-image-preview":"max-image-preview:large","max-video-preview":"max-video-preview:-1"},"canonical":"https:\/\/de-vin.fr\/index.php\/a-propos\/","og_locale":"fr_FR","og_type":"article","og_title":"A propos - Monsieur Devin","og_description":"Apprendre ensemble autour du vin! Mr DeVin est convaincu que le vin est plus qu&rsquo;une simple boisson, c&rsquo;est une c\u00e9l\u00e9bration de la nature et de la culture. N\u00e9 de la passion et de la gourmandise du vin, Mr DeVin souhaite vous proposer une exp\u00e9rience singuli\u00e8re \u00e0 travers une s\u00e9lection unique et rigoureuse. S\u2019\u00e9loignant des standards [&hellip;]","og_url":"https:\/\/de-vin.fr\/index.php\/a-propos\/","og_site_name":"Monsieur Devin","article_modified_time":"2025-01-21T17:32:30+00:00","og_image":[{"width":660,"height":281,"url":"https:\/\/de-vin.fr\/wp-content\/uploads\/2025\/01\/FOND-FACEBOOK.jpg","type":"image\/jpeg"}],"twitter_card":"summary_large_image","twitter_misc":{"Dur\u00e9e de lecture estim\u00e9e":"2 minutes"},"schema":{"@context":"https:\/\/schema.org","@graph":[{"@type":"WebPage","@id":"https:\/\/de-vin.fr\/index.php\/a-propos\/","url":"https:\/\/de-vin.fr\/index.php\/a-propos\/","name":"A propos - Monsieur Devin","isPartOf":{"@id":"https:\/\/de-vin.fr\/#website"},"primaryImageOfPage":{"@id":"https:\/\/de-vin.fr\/index.php\/a-propos\/#primaryimage"},"image":{"@id":"https:\/\/de-vin.fr\/index.php\/a-propos\/#primaryimage"},"thumbnailUrl":"https:\/\/de-vin.fr\/wp-content\/uploads\/2025\/01\/FOND-FACEBOOK.jpg","datePublished":"2025-01-21T14:10:46+00:00","dateModified":"2025-01-21T17:32:30+00:00","breadcrumb":{"@id":"https:\/\/de-vin.fr\/index.php\/a-propos\/#breadcrumb"},"inLanguage":"fr-FR","potentialAction":[{"@type":"ReadAction","target":["https:\/\/de-vin.fr\/index.php\/a-propos\/"]}]},{"@type":"ImageObject","inLanguage":"fr-FR","@id":"https:\/\/de-vin.fr\/index.php\/a-propos\/#primaryimage","url":"https:\/\/de-vin.fr\/wp-content\/uploads\/2025\/01\/FOND-FACEBOOK.jpg","contentUrl":"https:\/\/de-vin.fr\/wp-content\/uploads\/2025\/01\/FOND-FACEBOOK.jpg","width":660,"height":281},{"@type":"BreadcrumbList","@id":"https:\/\/de-vin.fr\/index.php\/a-propos\/#breadcrumb","itemListElement":[{"@type":"ListItem","position":1,"name":"Accueil","item":"https:\/\/de-vin.fr\/"},{"@type":"ListItem","position":2,"name":"A propos"}]},{"@type":"WebSite","@id":"https:\/\/de-vin.fr\/#website","url":"https:\/\/de-vin.fr\/","name":"Monsieur Devin","description":"Vins de terroirs","publisher":{"@id":"https:\/\/de-vin.fr\/#organization"},"potentialAction":[{"@type":"SearchAction","target":{"@type":"EntryPoint","urlTemplate":"https:\/\/de-vin.fr\/?s={search_term_string}"},"query-input":{"@type":"PropertyValueSpecification","valueRequired":true,"valueName":"search_term_string"}}],"inLanguage":"fr-FR"},{"@type":"Organization","@id":"https:\/\/de-vin.fr\/#organization","name":"Monsieur Devin","url":"https:\/\/de-vin.fr\/","logo":{"@type":"ImageObject","inLanguage":"fr-FR","@id":"https:\/\/de-vin.fr\/#\/schema\/logo\/image\/","url":"https:\/\/de-vin.fr\/wp-content\/uploads\/2025\/01\/cropped-cropped-cropped-LOGO-M.DEVIN_-e1736187675415-2.jpg","contentUrl":"https:\/\/de-vin.fr\/wp-content\/uploads\/2025\/01\/cropped-cropped-cropped-LOGO-M.DEVIN_-e1736187675415-2.jpg","width":175,"height":167,"caption":"Monsieur Devin"},"image":{"@id":"https:\/\/de-vin.fr\/#\/schema\/logo\/image\/"}}]}},"_links":{"self":[{"href":"https:\/\/de-vin.fr\/index.php\/wp-json\/wp\/v2\/pages\/243","targetHints":{"allow":["GET"]}}],"collection":[{"href":"https:\/\/de-vin.fr\/index.php\/wp-json\/wp\/v2\/pages"}],"about":[{"href":"https:\/\/de-vin.fr\/index.php\/wp-json\/wp\/v2\/types\/page"}],"author":[{"embeddable":true,"href":"https:\/\/de-vin.fr\/index.php\/wp-json\/wp\/v2\/users\/1"}],"replies":[{"embeddable":true,"href":"https:\/\/de-vin.fr\/index.php\/wp-json\/wp\/v2\/comments?post=243"}],"version-history":[{"count":8,"href":"https:\/\/de-vin.fr\/index.php\/wp-json\/wp\/v2\/pages\/243\/revisions"}],"predecessor-version":[{"id":329,"href":"https:\/\/de-vin.fr\/index.php\/wp-json\/wp\/v2\/pages\/243\/revisions\/329"}],"wp:attachment":[{"href":"https:\/\/de-vin.fr\/index.php\/wp-json\/wp\/v2\/media?parent=243"}],"curies":[{"name":"wp","href":"https:\/\/api.w.org\/{rel}","templated":true}]}}