{"id":246,"date":"2025-01-21T15:11:07","date_gmt":"2025-01-21T14:11:07","guid":{"rendered":"https:\/\/de-vin.fr\/?page_id=246"},"modified":"2025-01-21T18:03:58","modified_gmt":"2025-01-21T17:03:58","slug":"services","status":"publish","type":"page","link":"https:\/\/de-vin.fr\/index.php\/services\/","title":{"rendered":"Services"},"content":{"rendered":"\n<div class=\"wp-block-cover alignfull has-custom-content-position is-position-top-center\" style=\"margin-top:0;margin-bottom:0;padding-top:0px;padding-bottom:80px;min-height:300px;aspect-ratio:unset;\"><span aria-hidden=\"true\" class=\"wp-block-cover__background has-contrast-background-color has-background-dim\"><\/span><img loading=\"lazy\" decoding=\"async\" width=\"1357\" height=\"811\" class=\"wp-block-cover__image-background wp-image-317\" alt=\"\" src=\"https:\/\/de-vin.fr\/wp-content\/uploads\/2025\/01\/IMG_20220426_224156-02-2.jpeg\" style=\"object-position:47% 4%\" data-object-fit=\"cover\" data-object-position=\"47% 4%\" srcset=\"https:\/\/de-vin.fr\/wp-content\/uploads\/2025\/01\/IMG_20220426_224156-02-2.jpeg 1357w, https:\/\/de-vin.fr\/wp-content\/uploads\/2025\/01\/IMG_20220426_224156-02-2-300x179.jpeg 300w, https:\/\/de-vin.fr\/wp-content\/uploads\/2025\/01\/IMG_20220426_224156-02-2-1024x612.jpeg 1024w, https:\/\/de-vin.fr\/wp-content\/uploads\/2025\/01\/IMG_20220426_224156-02-2-768x459.jpeg 768w\" sizes=\"auto, (max-width: 1357px) 100vw, 1357px\" \/><div class=\"wp-block-cover__inner-container has-global-padding is-layout-constrained wp-container-core-cover-is-layout-d4c6b484 wp-block-cover-is-layout-constrained\">\n<div style=\"height:150px\" aria-hidden=\"true\" class=\"wp-block-spacer\"><\/div>\n\n\n\n<h1 class=\"wp-block-heading has-text-align-center has-text-color has-link-color has-suranna-font-family wp-elements-4bde3928355fa2f4c3713a6f6fa58bbb\" style=\"color:#ffffff;font-size:clamp(38.682px, 2.418rem + ((1vw - 3.2px) * 3.471), 72px);font-style:normal;font-weight:500\">D\u00e9gustations priv\u00e9es<\/h1>\n<\/div><\/div>\n\n\n\n<div class=\"wp-block-group alignfull has-global-padding is-layout-constrained wp-container-core-group-is-layout-4383d167 wp-block-group-is-layout-constrained\">\n<div class=\"wp-block-group alignwide has-global-padding is-layout-constrained wp-container-core-group-is-layout-5ff8a92b wp-block-group-is-layout-constrained\" style=\"margin-top:0;margin-bottom:0;padding-top:100px;padding-bottom:100px\">\n<div class=\"wp-block-columns is-layout-flex wp-container-core-columns-is-layout-92515837 wp-block-columns-is-layout-flex\">\n<div class=\"wp-block-column is-layout-flow wp-block-column-is-layout-flow\">\n<figure class=\"wp-block-image size-full\"><img loading=\"lazy\" decoding=\"async\" width=\"768\" height=\"1024\" src=\"https:\/\/de-vin.fr\/wp-content\/uploads\/2025\/01\/WhatsApp-Image-2024-09-06-a-20.29.16_1955f148.jpg\" alt=\"\" class=\"wp-image-284\" srcset=\"https:\/\/de-vin.fr\/wp-content\/uploads\/2025\/01\/WhatsApp-Image-2024-09-06-a-20.29.16_1955f148.jpg 768w, https:\/\/de-vin.fr\/wp-content\/uploads\/2025\/01\/WhatsApp-Image-2024-09-06-a-20.29.16_1955f148-225x300.jpg 225w\" sizes=\"auto, (max-width: 768px) 100vw, 768px\" \/><\/figure>\n<\/div>\n\n\n\n<div class=\"wp-block-column is-vertically-aligned-center has-global-padding is-content-justification-left is-layout-constrained wp-container-core-column-is-layout-12dd3699 wp-block-column-is-layout-constrained\">\n<h3 class=\"wp-block-heading has-text-align-left has-text-color has-suranna-font-family\" style=\"color:#000000;margin-top:0.5rem;margin-bottom:0rem;font-size:clamp(24.034px, 1.502rem + ((1vw - 3.2px) * 1.663), 40px);font-style:normal;font-weight:500;letter-spacing:0px;line-height:1.3\">D\u00e9gustations priv\u00e9es<\/h3>\n\n\n\n<hr class=\"wp-block-separator has-alpha-channel-opacity\"\/>\n\n\n\n<p class=\"has-text-color has-link-color has-pontano-sans-font-family wp-elements-dbd0acaba8ac596a7f0e115c53ac163d\" style=\"color:#000000;font-size:clamp(14px, 0.875rem + ((1vw - 3.2px) * 0.417), 18px);\">D\u00e9couvrez l&rsquo;art du vin avec mes d\u00e9gustations priv\u00e9es exclusives. Invitez vos amis ou votre famille et profitez d&rsquo;une exp\u00e9rience personnalis\u00e9e qui entra\u00eenera vos papilles dans un voyage inoubliable \u00e0 travers des vins exquis.<\/p>\n\n\n\n<p>Pendant la d\u00e9gustation, je vous guiderai \u00e0 travers les bases de l&rsquo;appr\u00e9ciation du vin. Apprenez \u00e0 identifier les saveurs, les ar\u00f4mes et les textures tout en d\u00e9gustant des s\u00e9lections tri\u00e9es sur le volet dans des vignobles de terroirs souvent biologiques. C\u02bcest amusant, captivant et parfait pour tous les niveaux !<\/p>\n\n\n\n<p>Que vous soyez novice ou amateur chevronn\u00e9, nos d\u00e9gustations priv\u00e9es sont con\u00e7ues pour \u00e9veiller votre passion pour le vin. Chaque s\u00e9ance se d\u00e9roule dans une atmosph\u00e8re d\u00e9tendue, encourageant les questions et les discussions anim\u00e9es sur vos vins pr\u00e9f\u00e9r\u00e9s.<\/p>\n\n\n\n<p>Pour rendre la d\u00e9gustation encore plus sp\u00e9ciale, je peux la faire chez vous. Profitez du confort de votre espace tout en savourant des vins exquis. C&rsquo;est une fa\u00e7on parfaite de c\u00e9l\u00e9brer avec des amis ou d&rsquo;organiser une r\u00e9union unique !<\/p>\n\n\n\n<p class=\"has-text-color has-link-color has-pontano-sans-font-family wp-elements-afec8380fccebf0f5765ff7829fa2107\" style=\"color:#000000;font-size:clamp(14px, 0.875rem + ((1vw - 3.2px) * 0.417), 18px);\">Vous \u00eates pr\u00eat \u00e0 approfondir vos connaissances en mati\u00e8re de vin et \u00e0 passer une soir\u00e9e d\u00e9licieuse ? R\u00e9servez votre d\u00e9gustation priv\u00e9e d\u00e8s aujourd&rsquo;hui ! Cr\u00e9ons des souvenirs inoubliables et d\u00e9couvrons ensemble le monde merveilleux des vins dans un cadre agr\u00e9able et convivial.<\/p>\n\n\n\n<div class=\"wp-block-buttons is-horizontal is-content-justification-left is-layout-flex wp-container-core-buttons-is-layout-324fa30b wp-block-buttons-is-layout-flex\" style=\"margin-top:20px\">\n<div class=\"wp-block-button has-custom-width wp-block-button__width-50 has-custom-font-size is-style-fill has-pontano-sans-font-family\" style=\"font-size:clamp(0.875rem, 0.875rem + ((1vw - 0.2rem) * 0.225), 1.01rem);font-style:normal;font-weight:600;letter-spacing:1px;line-height:1.5;text-transform:uppercase\"><a class=\"wp-block-button__link has-text-color has-background wp-element-button\" href=\"https:\/\/de-vin.fr\/index.php\/contact\/\" style=\"border-style:none;border-width:0px;border-radius:0rem;color:#fffffd;background-color:#e27013;padding-top:0.71rem;padding-right:0.31rem;padding-bottom:0.71rem;padding-left:0.31rem\">R\u00c9SERVEZ VOTRE D\u00c9GUSTATION<\/a><\/div>\n<\/div>\n<\/div>\n<\/div>\n<\/div>\n<\/div>\n\n\n\n<div class=\"wp-block-group alignfull has-global-padding is-layout-constrained wp-container-core-group-is-layout-4383d167 wp-block-group-is-layout-constrained\">\n<div class=\"wp-block-group alignwide has-global-padding is-layout-constrained wp-container-core-group-is-layout-1be1424c wp-block-group-is-layout-constrained\" style=\"margin-top:0;margin-bottom:0;padding-bottom:100px\">\n<div class=\"wp-block-columns is-layout-flex wp-container-core-columns-is-layout-92515837 wp-block-columns-is-layout-flex\">\n<div class=\"wp-block-column is-vertically-aligned-center has-global-padding is-content-justification-left is-layout-constrained wp-container-core-column-is-layout-12dd3699 wp-block-column-is-layout-constrained\">\n<h3 class=\"wp-block-heading has-text-align-left has-text-color has-suranna-font-family\" style=\"color:#000000;margin-top:0.5rem;margin-bottom:0rem;font-size:clamp(24.034px, 1.502rem + ((1vw - 3.2px) * 1.663), 40px);font-style:normal;font-weight:500;letter-spacing:0px;line-height:1.3\">Vente de vins<\/h3>\n\n\n\n<hr class=\"wp-block-separator has-alpha-channel-opacity\"\/>\n\n\n\n<p class=\"has-text-color has-link-color has-pontano-sans-font-family wp-elements-44a1fc1e28fbc0b71ea23c425844e2b8\" style=\"color:#000000;font-size:clamp(14px, 0.875rem + ((1vw - 3.2px) * 0.417), 18px);\">Explorez notre s\u00e9lection de vins exquis disponibles \u00e0 la vente. Chaque bouteille est soigneusement s\u00e9lectionn\u00e9e dans des vignobles ind\u00e9pendants, ce qui garantit une qualit\u00e9 et une saveur qui repr\u00e9sentent v\u00e9ritablement l&rsquo;essence de leur terroir.<\/p>\n\n\n\n<p>Des rouges audacieux aux blancs \u00e9clatants, notre collection s&rsquo;adresse \u00e0 tous les palais. Que vous remplissiez votre cave ou que vous cherchiez le cadeau id\u00e9al, vous trouverez des options uniques qui ne manqueront pas d&rsquo;impressionner les amateurs de vin en tout genre.<\/p>\n\n\n\n<p>Chaque bouteille raconte une histoire, et je suis l\u00e0 pour vous aider \u00e0 choisir la bonne. Je vous ferai partager ma passion et mes connaissances, en vous guidant tout au long du processus de s\u00e9lection, afin que vous fassiez le meilleur choix, quelle que soit l&rsquo;occasion.<\/p>\n\n\n\n<p>De plus, nos vins ne sont pas seulement d\u00e9licieux, ils sont aussi produits de mani\u00e8re durable. Vous vous sentirez bien en sachant que vous soutenez les pratiques biologiques tout en savourant des saveurs exceptionnelles qui c\u00e9l\u00e8brent la terre et son patrimoine.<\/p>\n\n\n\n<p class=\"has-text-color has-link-color has-pontano-sans-font-family wp-elements-5b916cdea8e230ee8ee9681a858a6ba3\" style=\"color:#000000;font-size:clamp(14px, 0.875rem + ((1vw - 3.2px) * 0.417), 18px);\">Pr\u00eat \u00e0 d\u00e9couvrir notre fantastique collection de vins ? Parcourez nos offres d\u00e8s aujourd&rsquo;hui ! Que vous souhaitiez vous faire plaisir ou partager, vous trouverez la bouteille parfaite qui correspond \u00e0 vos go\u00fbts et \u00e0 vos valeurs. \u00c0 la sant\u00e9 des grands choix !<\/p>\n\n\n\n<div class=\"wp-block-buttons is-horizontal is-content-justification-left is-layout-flex wp-container-core-buttons-is-layout-324fa30b wp-block-buttons-is-layout-flex\" style=\"margin-top:20px\">\n<div class=\"wp-block-button has-custom-width wp-block-button__width-50 has-custom-font-size is-style-fill has-pontano-sans-font-family\" style=\"font-size:clamp(0.875rem, 0.875rem + ((1vw - 0.2rem) * 0.225), 1.01rem);font-style:normal;font-weight:600;letter-spacing:1px;line-height:1.5;text-transform:uppercase\"><a class=\"wp-block-button__link has-text-color has-background wp-element-button\" href=\"#\" style=\"border-style:none;border-width:0px;border-radius:0rem;color:#fffffd;background-color:#e27013;padding-top:0.71rem;padding-right:0.31rem;padding-bottom:0.71rem;padding-left:0.31rem\">Les vins disponibles \u00e0 la vente<\/a><\/div>\n<\/div>\n<\/div>\n\n\n\n<div class=\"wp-block-column is-layout-flow wp-block-column-is-layout-flow\">\n<figure class=\"wp-block-image alignright size-full\"><img loading=\"lazy\" decoding=\"async\" width=\"474\" height=\"600\" src=\"https:\/\/de-vin.fr\/wp-content\/uploads\/2025\/01\/basement-wine-cellar-ideas-1.jpg\" alt=\"\" class=\"wp-image-313\" style=\"aspect-ratio:2\/3;object-fit:cover\" srcset=\"https:\/\/de-vin.fr\/wp-content\/uploads\/2025\/01\/basement-wine-cellar-ideas-1.jpg 474w, https:\/\/de-vin.fr\/wp-content\/uploads\/2025\/01\/basement-wine-cellar-ideas-1-237x300.jpg 237w\" sizes=\"auto, (max-width: 474px) 100vw, 474px\" \/><\/figure>\n<\/div>\n<\/div>\n<\/div>\n<\/div>\n\n\n\n<div class=\"wp-block-group alignfull has-global-padding is-layout-constrained wp-container-core-group-is-layout-4383d167 wp-block-group-is-layout-constrained\">\n<div class=\"wp-block-group alignwide has-global-padding is-layout-constrained wp-container-core-group-is-layout-1be1424c wp-block-group-is-layout-constrained\" style=\"margin-top:0;margin-bottom:0;padding-bottom:100px\">\n<div class=\"wp-block-columns is-layout-flex wp-container-core-columns-is-layout-92515837 wp-block-columns-is-layout-flex\">\n<div class=\"wp-block-column is-layout-flow wp-block-column-is-layout-flow\"><\/div>\n<\/div>\n<\/div>\n<\/div>\n\n\n\n<div class=\"wp-block-group alignfull has-base-2-background-color has-background has-global-padding is-layout-constrained wp-container-core-group-is-layout-7cd14b77 wp-block-group-is-layout-constrained\" style=\"margin-top:0;margin-bottom:0;padding-top:var(--wp--preset--spacing--60);padding-right:var(--wp--preset--spacing--60);padding-bottom:var(--wp--preset--spacing--60);padding-left:var(--wp--preset--spacing--60)\">\n<div class=\"wp-block-group alignwide is-layout-flow wp-block-group-is-layout-flow\">\n<div style=\"height:var(--wp--preset--spacing--50)\" aria-hidden=\"true\" class=\"wp-block-spacer\"><\/div>\n<\/div>\n<\/div>\n","protected":false},"excerpt":{"rendered":"<p>D\u00e9gustations priv\u00e9es D\u00e9couvrez l&rsquo;art du vin avec mes d\u00e9gustations priv\u00e9es exclusives. Invitez vos amis ou votre famille et profitez d&rsquo;une exp\u00e9rience personnalis\u00e9e qui entra\u00eenera vos papilles dans un voyage inoubliable \u00e0 travers des vins exquis. Pendant la d\u00e9gustation, je vous guiderai \u00e0 travers les bases de l&rsquo;appr\u00e9ciation du vin. Apprenez \u00e0 identifier les saveurs, les [&hellip;]<\/p>\n","protected":false},"author":1,"featured_media":0,"parent":0,"menu_order":0,"comment_status":"closed","ping_status":"closed","template":"","meta":{"footnotes":""},"class_list":["post-246","page","type-page","status-publish","hentry"],"yoast_head":"<!-- This site is optimized with the Yoast SEO plugin v24.1 - https:\/\/yoast.com\/wordpress\/plugins\/seo\/ -->\n<title>Services - Monsieur Devin<\/title>\n<meta name=\"robots\" content=\"index, follow, max-snippet:-1, max-image-preview:large, max-video-preview:-1\" \/>\n<link rel=\"canonical\" href=\"https:\/\/de-vin.fr\/index.php\/services\/\" \/>\n<meta property=\"og:locale\" content=\"fr_FR\" \/>\n<meta property=\"og:type\" content=\"article\" \/>\n<meta property=\"og:title\" content=\"Services - Monsieur Devin\" \/>\n<meta property=\"og:description\" content=\"D\u00e9gustations priv\u00e9es D\u00e9couvrez l&rsquo;art du vin avec mes d\u00e9gustations priv\u00e9es exclusives. Invitez vos amis ou votre famille et profitez d&rsquo;une exp\u00e9rience personnalis\u00e9e qui entra\u00eenera vos papilles dans un voyage inoubliable \u00e0 travers des vins exquis. Pendant la d\u00e9gustation, je vous guiderai \u00e0 travers les bases de l&rsquo;appr\u00e9ciation du vin. Apprenez \u00e0 identifier les saveurs, les [&hellip;]\" \/>\n<meta property=\"og:url\" content=\"https:\/\/de-vin.fr\/index.php\/services\/\" \/>\n<meta property=\"og:site_name\" content=\"Monsieur Devin\" \/>\n<meta property=\"article:modified_time\" content=\"2025-01-21T17:03:58+00:00\" \/>\n<meta property=\"og:image\" content=\"https:\/\/de-vin.fr\/wp-content\/uploads\/2025\/01\/IMG_20220426_224156-02-2.jpeg\" \/>\n\t<meta property=\"og:image:width\" content=\"1357\" \/>\n\t<meta property=\"og:image:height\" content=\"811\" \/>\n\t<meta property=\"og:image:type\" content=\"image\/jpeg\" \/>\n<meta name=\"twitter:card\" content=\"summary_large_image\" \/>\n<meta name=\"twitter:label1\" content=\"Dur\u00e9e de lecture estim\u00e9e\" \/>\n\t<meta name=\"twitter:data1\" content=\"3 minutes\" \/>\n<script type=\"application\/ld+json\" class=\"yoast-schema-graph\">{\"@context\":\"https:\/\/schema.org\",\"@graph\":[{\"@type\":\"WebPage\",\"@id\":\"https:\/\/de-vin.fr\/index.php\/services\/\",\"url\":\"https:\/\/de-vin.fr\/index.php\/services\/\",\"name\":\"Services - Monsieur Devin\",\"isPartOf\":{\"@id\":\"https:\/\/de-vin.fr\/#website\"},\"primaryImageOfPage\":{\"@id\":\"https:\/\/de-vin.fr\/index.php\/services\/#primaryimage\"},\"image\":{\"@id\":\"https:\/\/de-vin.fr\/index.php\/services\/#primaryimage\"},\"thumbnailUrl\":\"https:\/\/de-vin.fr\/wp-content\/uploads\/2025\/01\/IMG_20220426_224156-02-2.jpeg\",\"datePublished\":\"2025-01-21T14:11:07+00:00\",\"dateModified\":\"2025-01-21T17:03:58+00:00\",\"breadcrumb\":{\"@id\":\"https:\/\/de-vin.fr\/index.php\/services\/#breadcrumb\"},\"inLanguage\":\"fr-FR\",\"potentialAction\":[{\"@type\":\"ReadAction\",\"target\":[\"https:\/\/de-vin.fr\/index.php\/services\/\"]}]},{\"@type\":\"ImageObject\",\"inLanguage\":\"fr-FR\",\"@id\":\"https:\/\/de-vin.fr\/index.php\/services\/#primaryimage\",\"url\":\"https:\/\/de-vin.fr\/wp-content\/uploads\/2025\/01\/IMG_20220426_224156-02-2.jpeg\",\"contentUrl\":\"https:\/\/de-vin.fr\/wp-content\/uploads\/2025\/01\/IMG_20220426_224156-02-2.jpeg\",\"width\":1357,\"height\":811},{\"@type\":\"BreadcrumbList\",\"@id\":\"https:\/\/de-vin.fr\/index.php\/services\/#breadcrumb\",\"itemListElement\":[{\"@type\":\"ListItem\",\"position\":1,\"name\":\"Accueil\",\"item\":\"https:\/\/de-vin.fr\/\"},{\"@type\":\"ListItem\",\"position\":2,\"name\":\"Services\"}]},{\"@type\":\"WebSite\",\"@id\":\"https:\/\/de-vin.fr\/#website\",\"url\":\"https:\/\/de-vin.fr\/\",\"name\":\"Monsieur Devin\",\"description\":\"Vins de terroirs\",\"publisher\":{\"@id\":\"https:\/\/de-vin.fr\/#organization\"},\"potentialAction\":[{\"@type\":\"SearchAction\",\"target\":{\"@type\":\"EntryPoint\",\"urlTemplate\":\"https:\/\/de-vin.fr\/?s={search_term_string}\"},\"query-input\":{\"@type\":\"PropertyValueSpecification\",\"valueRequired\":true,\"valueName\":\"search_term_string\"}}],\"inLanguage\":\"fr-FR\"},{\"@type\":\"Organization\",\"@id\":\"https:\/\/de-vin.fr\/#organization\",\"name\":\"Monsieur Devin\",\"url\":\"https:\/\/de-vin.fr\/\",\"logo\":{\"@type\":\"ImageObject\",\"inLanguage\":\"fr-FR\",\"@id\":\"https:\/\/de-vin.fr\/#\/schema\/logo\/image\/\",\"url\":\"https:\/\/de-vin.fr\/wp-content\/uploads\/2025\/01\/cropped-cropped-cropped-LOGO-M.DEVIN_-e1736187675415-2.jpg\",\"contentUrl\":\"https:\/\/de-vin.fr\/wp-content\/uploads\/2025\/01\/cropped-cropped-cropped-LOGO-M.DEVIN_-e1736187675415-2.jpg\",\"width\":175,\"height\":167,\"caption\":\"Monsieur Devin\"},\"image\":{\"@id\":\"https:\/\/de-vin.fr\/#\/schema\/logo\/image\/\"}}]}<\/script>\n<!-- \/ Yoast SEO plugin. -->","yoast_head_json":{"title":"Services - Monsieur Devin","robots":{"index":"index","follow":"follow","max-snippet":"max-snippet:-1","max-image-preview":"max-image-preview:large","max-video-preview":"max-video-preview:-1"},"canonical":"https:\/\/de-vin.fr\/index.php\/services\/","og_locale":"fr_FR","og_type":"article","og_title":"Services - Monsieur Devin","og_description":"D\u00e9gustations priv\u00e9es D\u00e9couvrez l&rsquo;art du vin avec mes d\u00e9gustations priv\u00e9es exclusives. Invitez vos amis ou votre famille et profitez d&rsquo;une exp\u00e9rience personnalis\u00e9e qui entra\u00eenera vos papilles dans un voyage inoubliable \u00e0 travers des vins exquis. Pendant la d\u00e9gustation, je vous guiderai \u00e0 travers les bases de l&rsquo;appr\u00e9ciation du vin. Apprenez \u00e0 identifier les saveurs, les [&hellip;]","og_url":"https:\/\/de-vin.fr\/index.php\/services\/","og_site_name":"Monsieur Devin","article_modified_time":"2025-01-21T17:03:58+00:00","og_image":[{"width":1357,"height":811,"url":"https:\/\/de-vin.fr\/wp-content\/uploads\/2025\/01\/IMG_20220426_224156-02-2.jpeg","type":"image\/jpeg"}],"twitter_card":"summary_large_image","twitter_misc":{"Dur\u00e9e de lecture estim\u00e9e":"3 minutes"},"schema":{"@context":"https:\/\/schema.org","@graph":[{"@type":"WebPage","@id":"https:\/\/de-vin.fr\/index.php\/services\/","url":"https:\/\/de-vin.fr\/index.php\/services\/","name":"Services - Monsieur Devin","isPartOf":{"@id":"https:\/\/de-vin.fr\/#website"},"primaryImageOfPage":{"@id":"https:\/\/de-vin.fr\/index.php\/services\/#primaryimage"},"image":{"@id":"https:\/\/de-vin.fr\/index.php\/services\/#primaryimage"},"thumbnailUrl":"https:\/\/de-vin.fr\/wp-content\/uploads\/2025\/01\/IMG_20220426_224156-02-2.jpeg","datePublished":"2025-01-21T14:11:07+00:00","dateModified":"2025-01-21T17:03:58+00:00","breadcrumb":{"@id":"https:\/\/de-vin.fr\/index.php\/services\/#breadcrumb"},"inLanguage":"fr-FR","potentialAction":[{"@type":"ReadAction","target":["https:\/\/de-vin.fr\/index.php\/services\/"]}]},{"@type":"ImageObject","inLanguage":"fr-FR","@id":"https:\/\/de-vin.fr\/index.php\/services\/#primaryimage","url":"https:\/\/de-vin.fr\/wp-content\/uploads\/2025\/01\/IMG_20220426_224156-02-2.jpeg","contentUrl":"https:\/\/de-vin.fr\/wp-content\/uploads\/2025\/01\/IMG_20220426_224156-02-2.jpeg","width":1357,"height":811},{"@type":"BreadcrumbList","@id":"https:\/\/de-vin.fr\/index.php\/services\/#breadcrumb","itemListElement":[{"@type":"ListItem","position":1,"name":"Accueil","item":"https:\/\/de-vin.fr\/"},{"@type":"ListItem","position":2,"name":"Services"}]},{"@type":"WebSite","@id":"https:\/\/de-vin.fr\/#website","url":"https:\/\/de-vin.fr\/","name":"Monsieur Devin","description":"Vins de terroirs","publisher":{"@id":"https:\/\/de-vin.fr\/#organization"},"potentialAction":[{"@type":"SearchAction","target":{"@type":"EntryPoint","urlTemplate":"https:\/\/de-vin.fr\/?s={search_term_string}"},"query-input":{"@type":"PropertyValueSpecification","valueRequired":true,"valueName":"search_term_string"}}],"inLanguage":"fr-FR"},{"@type":"Organization","@id":"https:\/\/de-vin.fr\/#organization","name":"Monsieur Devin","url":"https:\/\/de-vin.fr\/","logo":{"@type":"ImageObject","inLanguage":"fr-FR","@id":"https:\/\/de-vin.fr\/#\/schema\/logo\/image\/","url":"https:\/\/de-vin.fr\/wp-content\/uploads\/2025\/01\/cropped-cropped-cropped-LOGO-M.DEVIN_-e1736187675415-2.jpg","contentUrl":"https:\/\/de-vin.fr\/wp-content\/uploads\/2025\/01\/cropped-cropped-cropped-LOGO-M.DEVIN_-e1736187675415-2.jpg","width":175,"height":167,"caption":"Monsieur Devin"},"image":{"@id":"https:\/\/de-vin.fr\/#\/schema\/logo\/image\/"}}]}},"_links":{"self":[{"href":"https:\/\/de-vin.fr\/index.php\/wp-json\/wp\/v2\/pages\/246","targetHints":{"allow":["GET"]}}],"collection":[{"href":"https:\/\/de-vin.fr\/index.php\/wp-json\/wp\/v2\/pages"}],"about":[{"href":"https:\/\/de-vin.fr\/index.php\/wp-json\/wp\/v2\/types\/page"}],"author":[{"embeddable":true,"href":"https:\/\/de-vin.fr\/index.php\/wp-json\/wp\/v2\/users\/1"}],"replies":[{"embeddable":true,"href":"https:\/\/de-vin.fr\/index.php\/wp-json\/wp\/v2\/comments?post=246"}],"version-history":[{"count":8,"href":"https:\/\/de-vin.fr\/index.php\/wp-json\/wp\/v2\/pages\/246\/revisions"}],"predecessor-version":[{"id":321,"href":"https:\/\/de-vin.fr\/index.php\/wp-json\/wp\/v2\/pages\/246\/revisions\/321"}],"wp:attachment":[{"href":"https:\/\/de-vin.fr\/index.php\/wp-json\/wp\/v2\/media?parent=246"}],"curies":[{"name":"wp","href":"https:\/\/api.w.org\/{rel}","templated":true}]}}